{"id":187,"date":"2023-08-09T20:06:56","date_gmt":"2023-08-09T20:06:56","guid":{"rendered":"http:\/\/laminapm.com\/wp23\/?page_id=187"},"modified":"2023-08-14T19:33:36","modified_gmt":"2023-08-14T19:33:36","slug":"puertas-de-calidada-un-precio-competitivo","status":"publish","type":"page","link":"https:\/\/laminapm.com\/wp23\/puertas-de-calidada-un-precio-competitivo\/","title":{"rendered":"Puertas de Calidada un Precio Competitivo"},"content":{"rendered":"\t\t<div data-elementor-type=\"wp-page\" data-elementor-id=\"187\" class=\"elementor elementor-187\" data-elementor-post-type=\"page\">\n\t\t\t\t\t\t<section class=\"elementor-section elementor-top-section elementor-element elementor-element-788f910f elementor-section-boxed elementor-section-height-default elementor-section-height-default tf-sticky-section tf-sticky-no\" data-id=\"788f910f\" data-element_type=\"section\" data-settings=\"{&quot;background_background&quot;:&quot;classic&quot;,&quot;tf_sticky&quot;:&quot;no&quot;}\">\n\t\t\t\t\t\t\t<div class=\"elementor-background-overlay\"><\/div>\n\t\t\t\t\t\t\t<div class=\"elementor-container elementor-column-gap-default\">\n\t\t\t\t\t<div class=\"elementor-column elementor-col-100 elementor-top-column elementor-element elementor-element-2e0fce0a\" data-id=\"2e0fce0a\" data-element_type=\"column\">\n\t\t\t<div class=\"elementor-widget-wrap elementor-element-populated\">\n\t\t\t\t\t\t<div class=\"elementor-element elementor-element-63847fd4 elementor-widget__width-auto elementor-widget elementor-widget-heading\" data-id=\"63847fd4\" data-element_type=\"widget\" data-widget_type=\"heading.default\">\n\t\t\t\t<div class=\"elementor-widget-container\">\n\t\t\t<p class=\"elementor-heading-title elementor-size-default\"><a href=\"#\">Inicio<\/a><\/p>\t\t<\/div>\n\t\t\t\t<\/div>\n\t\t\t\t<div class=\"elementor-element elementor-element-446ed8cd elementor-widget__width-auto elementor-widget elementor-widget-heading\" data-id=\"446ed8cd\" data-element_type=\"widget\" data-widget_type=\"heading.default\">\n\t\t\t\t<div class=\"elementor-widget-container\">\n\t\t\t<p class=\"elementor-heading-title elementor-size-default\">\/<\/p>\t\t<\/div>\n\t\t\t\t<\/div>\n\t\t\t\t<div class=\"elementor-element elementor-element-429ff0a4 elementor-widget__width-auto elementor-widget elementor-widget-heading\" data-id=\"429ff0a4\" data-element_type=\"widget\" data-widget_type=\"heading.default\">\n\t\t\t\t<div class=\"elementor-widget-container\">\n\t\t\t<p class=\"elementor-heading-title elementor-size-default\">Puertas de calidad\n<\/p>\t\t<\/div>\n\t\t\t\t<\/div>\n\t\t\t\t<div class=\"elementor-element elementor-element-7c04ae1a elementor-widget elementor-widget-heading\" data-id=\"7c04ae1a\" data-element_type=\"widget\" data-widget_type=\"heading.default\">\n\t\t\t\t<div class=\"elementor-widget-container\">\n\t\t\t<h2 class=\"elementor-heading-title elementor-size-default\">Puertas de calidad\n<\/h2>\t\t<\/div>\n\t\t\t\t<\/div>\n\t\t\t\t\t<\/div>\n\t\t<\/div>\n\t\t\t\t\t<\/div>\n\t\t<\/section>\n\t\t\t\t<section class=\"elementor-section elementor-top-section elementor-element elementor-element-c56ca62 elementor-section-boxed elementor-section-height-default elementor-section-height-default tf-sticky-section tf-sticky-no\" data-id=\"c56ca62\" data-element_type=\"section\" data-settings=\"{&quot;tf_sticky&quot;:&quot;no&quot;}\">\n\t\t\t\t\t\t<div class=\"elementor-container elementor-column-gap-default\">\n\t\t\t\t\t<div class=\"elementor-column elementor-col-50 elementor-top-column elementor-element elementor-element-7f488bd elementor-hidden-tablet elementor-hidden-mobile\" data-id=\"7f488bd\" data-element_type=\"column\">\n\t\t\t<div class=\"elementor-widget-wrap elementor-element-populated\">\n\t\t\t\t\t\t<div class=\"elementor-element elementor-element-4c3496b1 ekit-equal-height-disable elementor-widget elementor-widget-elementskit-icon-box\" data-id=\"4c3496b1\" data-element_type=\"widget\" data-widget_type=\"elementskit-icon-box.default\">\n\t\t\t\t<div class=\"elementor-widget-container\">\n\t\t\t<div class=\"ekit-wid-con\" >        <!-- link opening -->\n                <a href=\"http:\/\/laminapm.com\/wp23\/marcos-metalicos\/\" target=\"_self\" rel=\"\" class=\"ekit_global_links\">\n                <!-- end link opening -->\n\n        <div class=\"elementskit-infobox text-left text-right icon-lef-right-aligin elementor-animation- elementskit-icon-right  \">\n                    <div class=\"elementskit-box-header elementor-animation-\">\n                <div class=\"elementskit-info-box-icon  text-center\">\n                    <i aria-hidden=\"true\" class=\"elementkit-infobox-icon icon icon-right-arrow\"><\/i>\n                <\/div>\n          <\/div>\n                        <div class=\"box-body\">\n                            <p class=\"elementskit-info-box-title\">\n                    Marcos                <\/p>\n                                            <\/div>\n        \n        \n                <\/div>\n                <\/a>\n        <\/div>\t\t<\/div>\n\t\t\t\t<\/div>\n\t\t\t\t<div class=\"elementor-element elementor-element-788cb95 ekit-equal-height-disable elementor-widget elementor-widget-elementskit-icon-box\" data-id=\"788cb95\" data-element_type=\"widget\" data-widget_type=\"elementskit-icon-box.default\">\n\t\t\t\t<div class=\"elementor-widget-container\">\n\t\t\t<div class=\"ekit-wid-con\" >        <!-- link opening -->\n                <a href=\"http:\/\/laminapm.com\/wp23\/puertas-de-calidada-un-precio-competitivo\/\" target=\"_self\" rel=\"\" class=\"ekit_global_links\">\n                <!-- end link opening -->\n\n        <div class=\"elementskit-infobox text-left text-right icon-lef-right-aligin elementor-animation- elementskit-icon-right  \">\n                    <div class=\"elementskit-box-header elementor-animation-\">\n                <div class=\"elementskit-info-box-icon  text-center\">\n                    <i aria-hidden=\"true\" class=\"elementkit-infobox-icon icon icon-right-arrow\"><\/i>\n                <\/div>\n          <\/div>\n                        <div class=\"box-body\">\n                            <p class=\"elementskit-info-box-title\">\n                    Puertas                <\/p>\n                                            <\/div>\n        \n        \n                <\/div>\n                <\/a>\n        <\/div>\t\t<\/div>\n\t\t\t\t<\/div>\n\t\t\t\t<div class=\"elementor-element elementor-element-4821f097 ekit-equal-height-disable elementor-widget elementor-widget-elementskit-icon-box\" data-id=\"4821f097\" data-element_type=\"widget\" data-widget_type=\"elementskit-icon-box.default\">\n\t\t\t\t<div class=\"elementor-widget-container\">\n\t\t\t<div class=\"ekit-wid-con\" >        <!-- link opening -->\n                <a href=\"http:\/\/laminapm.com\/wp23\/ventanas-de-aluminio\/\" target=\"_self\" rel=\"\" class=\"ekit_global_links\">\n                <!-- end link opening -->\n\n        <div class=\"elementskit-infobox text-left text-right icon-lef-right-aligin elementor-animation- elementskit-icon-right  \">\n                    <div class=\"elementskit-box-header elementor-animation-\">\n                <div class=\"elementskit-info-box-icon  text-center\">\n                    <i aria-hidden=\"true\" class=\"elementkit-infobox-icon icon icon-right-arrow\"><\/i>\n                <\/div>\n          <\/div>\n                        <div class=\"box-body\">\n                            <p class=\"elementskit-info-box-title\">\n                    Ventanas                <\/p>\n                                            <\/div>\n        \n        \n                <\/div>\n                <\/a>\n        <\/div>\t\t<\/div>\n\t\t\t\t<\/div>\n\t\t\t\t<div class=\"elementor-element elementor-element-6040b797 ekit-equal-height-disable elementor-widget elementor-widget-elementskit-icon-box\" data-id=\"6040b797\" data-element_type=\"widget\" data-widget_type=\"elementskit-icon-box.default\">\n\t\t\t\t<div class=\"elementor-widget-container\">\n\t\t\t<div class=\"ekit-wid-con\" >        <!-- link opening -->\n                <a href=\"http:\/\/laminapm.com\/wp23\/bisagras-de-acero\/\" target=\"_self\" rel=\"\" class=\"ekit_global_links\">\n                <!-- end link opening -->\n\n        <div class=\"elementskit-infobox text-left text-right icon-lef-right-aligin elementor-animation- elementskit-icon-right  \">\n                    <div class=\"elementskit-box-header elementor-animation-\">\n                <div class=\"elementskit-info-box-icon  text-center\">\n                    <i aria-hidden=\"true\" class=\"elementkit-infobox-icon icon icon-right-arrow\"><\/i>\n                <\/div>\n          <\/div>\n                        <div class=\"box-body\">\n                            <p class=\"elementskit-info-box-title\">\n                    Bisagras                <\/p>\n                                            <\/div>\n        \n        \n                <\/div>\n                <\/a>\n        <\/div>\t\t<\/div>\n\t\t\t\t<\/div>\n\t\t\t\t<div class=\"elementor-element elementor-element-56d7354c ekit-equal-height-disable elementor-widget elementor-widget-elementskit-icon-box\" data-id=\"56d7354c\" data-element_type=\"widget\" data-widget_type=\"elementskit-icon-box.default\">\n\t\t\t\t<div class=\"elementor-widget-container\">\n\t\t\t<div class=\"ekit-wid-con\" >        <!-- link opening -->\n                <a href=\"http:\/\/laminapm.com\/wp23\/protectores-y-herreria\/\" target=\"_self\" rel=\"\" class=\"ekit_global_links\">\n                <!-- end link opening -->\n\n        <div class=\"elementskit-infobox text-left text-right icon-lef-right-aligin elementor-animation- elementskit-icon-right  \">\n                    <div class=\"elementskit-box-header elementor-animation-\">\n                <div class=\"elementskit-info-box-icon  text-center\">\n                    <i aria-hidden=\"true\" class=\"elementkit-infobox-icon icon icon-right-arrow\"><\/i>\n                <\/div>\n          <\/div>\n                        <div class=\"box-body\">\n                            <p class=\"elementskit-info-box-title\">\n                    Protectores                <\/p>\n                                            <\/div>\n        \n        \n                <\/div>\n                <\/a>\n        <\/div>\t\t<\/div>\n\t\t\t\t<\/div>\n\t\t\t\t<div class=\"elementor-element elementor-element-6397fad0 ekit-equal-height-disable elementor-widget elementor-widget-elementskit-icon-box\" data-id=\"6397fad0\" data-element_type=\"widget\" data-widget_type=\"elementskit-icon-box.default\">\n\t\t\t\t<div class=\"elementor-widget-container\">\n\t\t\t<div class=\"ekit-wid-con\" >        <!-- link opening -->\n                <a href=\"http:\/\/laminapm.com\/wp23\/lamina-acanalada\/\" target=\"_self\" rel=\"\" class=\"ekit_global_links\">\n                <!-- end link opening -->\n\n        <div class=\"elementskit-infobox text-left text-right icon-lef-right-aligin elementor-animation- elementskit-icon-right  \">\n                    <div class=\"elementskit-box-header elementor-animation-\">\n                <div class=\"elementskit-info-box-icon  text-center\">\n                    <i aria-hidden=\"true\" class=\"elementkit-infobox-icon icon icon-right-arrow\"><\/i>\n                <\/div>\n          <\/div>\n                        <div class=\"box-body\">\n                            <p class=\"elementskit-info-box-title\">\n                    Laminados                <\/p>\n                                            <\/div>\n        \n        \n                <\/div>\n                <\/a>\n        <\/div>\t\t<\/div>\n\t\t\t\t<\/div>\n\t\t\t\t<div class=\"elementor-element elementor-element-21843fb5 ekit-equal-height-disable elementor-widget elementor-widget-elementskit-icon-box\" data-id=\"21843fb5\" data-element_type=\"widget\" data-widget_type=\"elementskit-icon-box.default\">\n\t\t\t\t<div class=\"elementor-widget-container\">\n\t\t\t<div class=\"ekit-wid-con\" >        <!-- link opening -->\n                <a href=\"http:\/\/laminapm.com\/wp23\/accesorios\/\" target=\"_self\" rel=\"\" class=\"ekit_global_links\">\n                <!-- end link opening -->\n\n        <div class=\"elementskit-infobox text-left text-right icon-lef-right-aligin elementor-animation- elementskit-icon-right  \">\n                    <div class=\"elementskit-box-header elementor-animation-\">\n                <div class=\"elementskit-info-box-icon  text-center\">\n                    <i aria-hidden=\"true\" class=\"elementkit-infobox-icon icon icon-right-arrow\"><\/i>\n                <\/div>\n          <\/div>\n                        <div class=\"box-body\">\n                            <p class=\"elementskit-info-box-title\">\n                    Accesorios                <\/p>\n                                            <\/div>\n        \n        \n                <\/div>\n                <\/a>\n        <\/div>\t\t<\/div>\n\t\t\t\t<\/div>\n\t\t\t\t<div class=\"elementor-element elementor-element-4618855e elementor-widget elementor-widget-image\" data-id=\"4618855e\" data-element_type=\"widget\" data-widget_type=\"image.default\">\n\t\t\t\t<div class=\"elementor-widget-container\">\n\t\t\t\t\t\t\t\t\t\t\t\t\t<img fetchpriority=\"high\" decoding=\"async\" width=\"370\" height=\"353\" src=\"https:\/\/laminapm.com\/wp23\/wp-content\/uploads\/2023\/08\/img_ServicesDetails-Z8RVP2Y.jpg\" class=\"attachment-large size-large wp-image-412\" alt=\"\" srcset=\"https:\/\/laminapm.com\/wp23\/wp-content\/uploads\/2023\/08\/img_ServicesDetails-Z8RVP2Y.jpg 370w, https:\/\/laminapm.com\/wp23\/wp-content\/uploads\/2023\/08\/img_ServicesDetails-Z8RVP2Y-300x286.jpg 300w\" sizes=\"(max-width: 370px) 100vw, 370px\" \/>\t\t\t\t\t\t\t\t\t\t\t\t\t<\/div>\n\t\t\t\t<\/div>\n\t\t\t\t<section class=\"elementor-section elementor-inner-section elementor-element elementor-element-7abe540d elementor-section-boxed elementor-section-height-default elementor-section-height-default tf-sticky-section tf-sticky-no\" data-id=\"7abe540d\" data-element_type=\"section\" data-settings=\"{&quot;background_background&quot;:&quot;classic&quot;,&quot;tf_sticky&quot;:&quot;no&quot;}\">\n\t\t\t\t\t\t<div class=\"elementor-container elementor-column-gap-default\">\n\t\t\t\t\t<div class=\"elementor-column elementor-col-100 elementor-inner-column elementor-element elementor-element-34452fc6\" data-id=\"34452fc6\" data-element_type=\"column\">\n\t\t\t<div class=\"elementor-widget-wrap elementor-element-populated\">\n\t\t\t\t\t\t<div class=\"elementor-element elementor-element-60d24b3f elementor-widget__width-auto elementor-widget elementor-widget-heading\" data-id=\"60d24b3f\" data-element_type=\"widget\" data-widget_type=\"heading.default\">\n\t\t\t\t<div class=\"elementor-widget-container\">\n\t\t\t<p class=\"elementor-heading-title elementor-size-default\">Obtenga ayuda profesional\n<\/p>\t\t<\/div>\n\t\t\t\t<\/div>\n\t\t\t\t<div class=\"elementor-element elementor-element-2a99e884 elementor-widget__width-auto elementor-widget elementor-widget-heading\" data-id=\"2a99e884\" data-element_type=\"widget\" data-widget_type=\"heading.default\">\n\t\t\t\t<div class=\"elementor-widget-container\">\n\t\t\t<p class=\"elementor-heading-title elementor-size-default\"><a href=\"tel:8124620101\">(81) 2462 0101<\/a><\/p>\t\t<\/div>\n\t\t\t\t<\/div>\n\t\t\t\t\t<\/div>\n\t\t<\/div>\n\t\t\t\t\t<\/div>\n\t\t<\/section>\n\t\t\t\t\t<\/div>\n\t\t<\/div>\n\t\t\t\t<div class=\"elementor-column elementor-col-50 elementor-top-column elementor-element elementor-element-5d6fdcf3\" data-id=\"5d6fdcf3\" data-element_type=\"column\">\n\t\t\t<div class=\"elementor-widget-wrap elementor-element-populated\">\n\t\t\t\t\t\t<div class=\"elementor-element elementor-element-31135110 elementor-widget elementor-widget-image\" data-id=\"31135110\" data-element_type=\"widget\" data-widget_type=\"image.default\">\n\t\t\t\t<div class=\"elementor-widget-container\">\n\t\t\t\t\t\t\t\t\t\t\t\t\t<img decoding=\"async\" width=\"550\" height=\"600\" src=\"https:\/\/laminapm.com\/wp23\/wp-content\/uploads\/2023\/08\/puertas-a-la-medida.png\" class=\"attachment-large size-large wp-image-486\" alt=\"\" srcset=\"https:\/\/laminapm.com\/wp23\/wp-content\/uploads\/2023\/08\/puertas-a-la-medida.png 550w, https:\/\/laminapm.com\/wp23\/wp-content\/uploads\/2023\/08\/puertas-a-la-medida-275x300.png 275w\" sizes=\"(max-width: 550px) 100vw, 550px\" \/>\t\t\t\t\t\t\t\t\t\t\t\t\t<\/div>\n\t\t\t\t<\/div>\n\t\t\t\t<div class=\"elementor-element elementor-element-67a2831 elementor-widget elementor-widget-heading\" data-id=\"67a2831\" data-element_type=\"widget\" data-widget_type=\"heading.default\">\n\t\t\t\t<div class=\"elementor-widget-container\">\n\t\t\t<h6 class=\"elementor-heading-title elementor-size-default\">Puertas de calidad\na un precio competitivo<\/h6>\t\t<\/div>\n\t\t\t\t<\/div>\n\t\t\t\t<div class=\"elementor-element elementor-element-2870dc97 elementor-widget elementor-widget-text-editor\" data-id=\"2870dc97\" data-element_type=\"widget\" data-widget_type=\"text-editor.default\">\n\t\t\t\t<div class=\"elementor-widget-container\">\n\t\t\t\t\t\t\t<div class=\"container\"><div class=\"row\"><div class=\"col-lg-7 offset-lg-1\"><div class=\"breadcrumb_iner\"><div class=\"breadcrumb_iner_item wow fadeInUp\"><p>Nuestras Puertas son de dise\u00f1o moderno<\/p><\/div><\/div><\/div><\/div><\/div>\t\t\t\t\t\t<\/div>\n\t\t\t\t<\/div>\n\t\t\t\t<div class=\"elementor-element elementor-element-94d8808 elementor-widget elementor-widget-accordion\" data-id=\"94d8808\" data-element_type=\"widget\" data-widget_type=\"accordion.default\">\n\t\t\t\t<div class=\"elementor-widget-container\">\n\t\t\t\t\t<div class=\"elementor-accordion\">\n\t\t\t\t\t\t\t<div class=\"elementor-accordion-item\">\n\t\t\t\t\t<div id=\"elementor-tab-title-1561\" class=\"elementor-tab-title\" data-tab=\"1\" role=\"button\" aria-controls=\"elementor-tab-content-1561\" aria-expanded=\"false\">\n\t\t\t\t\t\t\t\t\t\t\t\t\t<span class=\"elementor-accordion-icon elementor-accordion-icon-right\" aria-hidden=\"true\">\n\t\t\t\t\t\t\t\t\t\t\t\t\t\t\t<span class=\"elementor-accordion-icon-closed\"><i class=\"fas fa-plus\"><\/i><\/span>\n\t\t\t\t\t\t\t\t<span class=\"elementor-accordion-icon-opened\"><i class=\"fas fa-minus\"><\/i><\/span>\n\t\t\t\t\t\t\t\t\t\t\t\t\t\t<\/span>\n\t\t\t\t\t\t\t\t\t\t\t\t<a class=\"elementor-accordion-title\" tabindex=\"0\">Fabricadas en medidas est\u00e1ndar<\/a>\n\t\t\t\t\t<\/div>\n\t\t\t\t\t<div id=\"elementor-tab-content-1561\" class=\"elementor-tab-content elementor-clearfix\" data-tab=\"1\" role=\"region\" aria-labelledby=\"elementor-tab-title-1561\"><p>70, 80 y 90 en 210, 213 ,Acero pintro de calidad en calibre 28, Dise\u00f1os tradicionales Lisas y Mixtas Las ventajas de la puerta semi-s\u00f3lida.<\/p><p>\u00b7 Son m\u00e1s resistentes y durables<\/p><p>\u00b7 La densidad interna que manejan ayuda en el aislamiento ac\u00fastico entre habitaciones o con el exterior<\/p><p>\u00b7 Proporciona aislamiento t\u00e9rmico lo cual contribuye a la eficiencia energ\u00e9tica y ahorro del hogar.<\/p><\/div>\n\t\t\t\t<\/div>\n\t\t\t\t\t\t\t\t<\/div>\n\t\t\t\t<\/div>\n\t\t\t\t<\/div>\n\t\t\t\t\t<\/div>\n\t\t<\/div>\n\t\t\t\t\t<\/div>\n\t\t<\/section>\n\t\t\t\t<\/div>\n\t\t","protected":false},"excerpt":{"rendered":"<p>Inicio \/ Puertas de calidad Puertas de calidad Marcos Puertas Ventanas Bisagras Protectores Laminados Accesorios Obtenga ayuda profesional (81) 2462 0101 Puertas de calidad a un precio competitivo Nuestras Puertas son de dise\u00f1o moderno Fabricadas en medidas est\u00e1ndar 70, 80 y 90 en 210, 213 ,Acero pintro de calidad en calibre 28, Dise\u00f1os tradicionales Lisas [&hellip;]<\/p>\n","protected":false},"author":1,"featured_media":0,"parent":0,"menu_order":0,"comment_status":"closed","ping_status":"closed","template":"","meta":{"footnotes":""},"class_list":["post-187","page","type-page","status-publish","hentry"],"_links":{"self":[{"href":"https:\/\/laminapm.com\/wp23\/wp-json\/wp\/v2\/pages\/187","targetHints":{"allow":["GET"]}}],"collection":[{"href":"https:\/\/laminapm.com\/wp23\/wp-json\/wp\/v2\/pages"}],"about":[{"href":"https:\/\/laminapm.com\/wp23\/wp-json\/wp\/v2\/types\/page"}],"author":[{"embeddable":true,"href":"https:\/\/laminapm.com\/wp23\/wp-json\/wp\/v2\/users\/1"}],"replies":[{"embeddable":true,"href":"https:\/\/laminapm.com\/wp23\/wp-json\/wp\/v2\/comments?post=187"}],"version-history":[{"count":19,"href":"https:\/\/laminapm.com\/wp23\/wp-json\/wp\/v2\/pages\/187\/revisions"}],"predecessor-version":[{"id":579,"href":"https:\/\/laminapm.com\/wp23\/wp-json\/wp\/v2\/pages\/187\/revisions\/579"}],"wp:attachment":[{"href":"https:\/\/laminapm.com\/wp23\/wp-json\/wp\/v2\/media?parent=187"}],"curies":[{"name":"wp","href":"https:\/\/api.w.org\/{rel}","templated":true}]}}